{"id":1313,"date":"2025-08-20T16:53:11","date_gmt":"2025-08-20T16:53:11","guid":{"rendered":"https:\/\/desk.be\/?page_id=1313"},"modified":"2025-10-01T15:01:34","modified_gmt":"2025-10-01T15:01:34","slug":"politique-de-confidentialite","status":"publish","type":"page","link":"https:\/\/desk.be\/fr\/politique-de-confidentialite\/","title":{"rendered":"Politique de confidentialit\u00e9"},"content":{"rendered":"<div class=\"wpb-content-wrapper\"><p>[vc_row][vc_column width=\u00a0\u00bb5\/6&Prime;][vc_custom_heading heading_semantic=\u00a0\u00bbh3&Prime; text_size=\u00a0\u00bbh3&Prime; uncode_shortcode_id=\u00a0\u00bb838232&Prime;]Date d&rsquo;entr\u00e9e en vigueur : 1er septembre 2025[\/vc_custom_heading][vc_column_text uncode_shortcode_id=\u00a0\u00bb117308&Prime;]DESK SA exploite le site Web <a href=\"https:\/\/www.desk.be\">https:\/\/www.desk.be<\/a> (le \u00ab Service \u00bb).<br \/>\nCette page vous informe de nos politiques concernant la collecte, l&rsquo;utilisation et la divulgation de donn\u00e9es personnelles lorsque vous utilisez notre Service et des choix que vous avez associ\u00e9s \u00e0 ces donn\u00e9es.<\/p>\n<p>Nous utilisons vos donn\u00e9es pour fournir et am\u00e9liorer le Service. En utilisant le Service, vous acceptez la collecte et l&rsquo;utilisation d&rsquo;informations conform\u00e9ment \u00e0 cette politique. Sauf indication contraire dans la pr\u00e9sente Politique de Confidentialit\u00e9, les termes utilis\u00e9s dans la pr\u00e9sente Politique de Confidentialit\u00e9 ont la m\u00eame signification que dans nos Conditions G\u00e9n\u00e9rales, accessibles depuis <a href=\"https:\/\/www.desk.be\">https:\/\/www.desk.be<\/a>.<\/p>\n<h2>Collecte Et Utilisation Des Informations<\/h2>\n<p>Nous collectons plusieurs types d&rsquo;informations diff\u00e9rents \u00e0 diverses fins afin de vous fournir et d&rsquo;am\u00e9liorer notre service.<\/p>\n<h2>Types De Donn\u00e9es Collect\u00e9es<\/h2>\n<h3>Donn\u00e9es Personnelles<\/h3>\n<p>Lors de l&rsquo;utilisation de notre Service, nous pouvons vous demander de nous fournir certaines informations personnelles identifiables qui peuvent \u00eatre utilis\u00e9es pour vous contacter ou vous identifier (\u00ab Donn\u00e9es personnelles \u00bb). Les informations personnelles identifiables peuvent inclure, sans s\u2019y limiter :<\/p>\n<ul>\n<li>Adresse e-mail<\/li>\n<li>Pr\u00e9nom et nom<\/li>\n<li>Cookies et donn\u00e9es d&rsquo;utilisation<\/li>\n<\/ul>\n<h3>Des Donn\u00e9es D&rsquo;utilisation<\/h3>\n<p>Nous pouvons \u00e9galement collecter des informations sur la mani\u00e8re dont le Service est acc\u00e9d\u00e9 et utilis\u00e9 (\u00ab Donn\u00e9es d&rsquo;utilisation \u00bb). Ces donn\u00e9es d&rsquo;utilisation peuvent inclure des informations telles que l&rsquo;adresse de protocole Internet de votre ordinateur (par exemple, l&rsquo;adresse IP), le type de navigateur, la version du navigateur, les pages de notre Service que vous visitez, l&rsquo;heure et la date de votre visite, le temps pass\u00e9 sur ces pages, les informations uniques. identifiants d&rsquo;appareil et autres donn\u00e9es de diagnostic.<\/p>\n<h3>Donn\u00e9es De Suivi Et De Cookies<\/h3>\n<p>Nous utilisons des cookies et des technologies de suivi similaires pour suivre l&rsquo;activit\u00e9 sur notre service et conserver certaines informations.<br \/>\nLes cookies sont des fichiers contenant une petite quantit\u00e9 de donn\u00e9es pouvant inclure un identifiant unique anonyme. Les cookies sont envoy\u00e9s \u00e0 votre navigateur depuis un site Web et stock\u00e9s sur votre appareil. Les technologies de suivi \u00e9galement utilis\u00e9es sont des balises, des balises et des scripts pour collecter et suivre des informations et pour am\u00e9liorer et analyser notre service.<br \/>\nVous pouvez demander \u00e0 votre navigateur de refuser tous les cookies ou d&rsquo;indiquer lorsqu&rsquo;un cookie est envoy\u00e9. Cependant, si vous n&rsquo;acceptez pas les cookies, vous ne pourrez peut-\u00eatre pas utiliser certaines parties de notre Service.<\/p>\n<h3>Exemples de cookies que nous utilisons:<\/h3>\n<ul>\n<li>Cookies de session. Nous utilisons des cookies de session pour exploiter notre service.<\/li>\n<li>Cookies de pr\u00e9f\u00e9rence. Nous utilisons des cookies de pr\u00e9f\u00e9rence pour m\u00e9moriser vos pr\u00e9f\u00e9rences et divers param\u00e8tres.<\/li>\n<li>Cookies de s\u00e9curit\u00e9. Nous utilisons des cookies de s\u00e9curit\u00e9 \u00e0 des fins de s\u00e9curit\u00e9.<\/li>\n<\/ul>\n<h3>Utilisation Des Donn\u00e9es<\/h3>\n<p>DESK SA utilise les donn\u00e9es collect\u00e9es \u00e0 diverses fins :<\/p>\n<ul>\n<li>Pour fournir et maintenir le Service<\/li>\n<li>Pour vous avertir des changements de notre service<\/li>\n<li>Pour vous permettre de participer aux fonctionnalit\u00e9s interactives de notre Service lorsque vous choisissez de le faire<\/li>\n<li>Fournir un service et un support client<\/li>\n<li>Pour fournir des analyses ou des informations pr\u00e9cieuses afin que nous puissions am\u00e9liorer le Service<\/li>\n<li>Pour surveiller l&rsquo;utilisation du Service<\/li>\n<li>D\u00e9tecter, pr\u00e9venir et r\u00e9soudre les probl\u00e8mes techniques<\/li>\n<\/ul>\n<h2>Transfert De Donn\u00e9es<\/h2>\n<p>Vos informations, y compris vos donn\u00e9es personnelles, peuvent \u00eatre transf\u00e9r\u00e9es et conserv\u00e9es sur des ordinateurs situ\u00e9s en dehors de votre \u00e9tat, province, pays ou autre juridiction gouvernementale o\u00f9 les lois sur la protection des donn\u00e9es peuvent diff\u00e9rer de celles de votre juridiction.<br \/>\nSi vous r\u00e9sidez en dehors de la Belgique et choisissez de nous fournir des informations, veuillez noter que nous transf\u00e9rons les donn\u00e9es, y compris les donn\u00e9es personnelles, vers la Belgique et les y traitons.<br \/>\nVotre consentement \u00e0 cette politique de confidentialit\u00e9 suivi de la soumission de ces informations repr\u00e9sente votre accord \u00e0 ce transfert.<br \/>\nDESK SA prendra toutes les mesures raisonnablement n\u00e9cessaires pour garantir que vos donn\u00e9es sont trait\u00e9es de mani\u00e8re s\u00e9curis\u00e9e et conform\u00e9ment \u00e0 la pr\u00e9sente politique de confidentialit\u00e9 et aucun transfert de vos donn\u00e9es personnelles n&rsquo;aura lieu vers une organisation ou un pays \u00e0 moins que des contr\u00f4les ad\u00e9quats ne soient en place, y compris la s\u00e9curit\u00e9 de votre donn\u00e9es et autres informations personnelles.<\/p>\n<h2>Divulgation Des Donn\u00e9es<\/h2>\n<h3>Exigences L\u00e9gales<\/h3>\n<p>DESK SA peut divulguer vos donn\u00e9es personnelles en croyant de bonne foi qu&rsquo;une telle action est n\u00e9cessaire pour:<\/p>\n<ul>\n<li>Pour respecter une obligation l\u00e9gale<\/li>\n<li>Pour prot\u00e9ger et d\u00e9fendre les droits ou la propri\u00e9t\u00e9 de DESK SA<\/li>\n<li>Pour pr\u00e9venir ou enqu\u00eater sur d&rsquo;\u00e9ventuels actes r\u00e9pr\u00e9hensibles en relation avec le Service<\/li>\n<li>Pour prot\u00e9ger la s\u00e9curit\u00e9 personnelle des utilisateurs du Service ou du public<\/li>\n<li>Pour vous prot\u00e9ger contre la responsabilit\u00e9 l\u00e9gale<\/li>\n<\/ul>\n<h2>S\u00e9curit\u00e9 Des Donn\u00e9es<\/h2>\n<p>La s\u00e9curit\u00e9 de vos donn\u00e9es est importante pour nous, mais n&rsquo;oubliez pas qu&rsquo;aucune m\u00e9thode de transmission sur Internet ni aucune m\u00e9thode de stockage \u00e9lectronique n&rsquo;est s\u00e9curis\u00e9e \u00e0 100 %. Bien que nous nous efforcions d&rsquo;utiliser des moyens commercialement acceptables pour prot\u00e9ger vos donn\u00e9es personnelles, nous ne pouvons garantir leur s\u00e9curit\u00e9 absolue.<\/p>\n<h2>Les Fournisseurs De Services<\/h2>\n<p>Nous pouvons employer des soci\u00e9t\u00e9s tierces et des particuliers pour faciliter notre Service (\u00ab Prestataires de services \u00bb), pour fournir le Service en notre nom, pour ex\u00e9cuter des services li\u00e9s au Service ou pour nous aider \u00e0 analyser la fa\u00e7on dont notre Service est utilis\u00e9.<br \/>\nCes tiers ont acc\u00e8s \u00e0 vos donn\u00e9es personnelles uniquement pour effectuer ces t\u00e2ches en notre nom et sont tenus de ne pas les divulguer ou les utiliser \u00e0 d&rsquo;autres fins.<\/p>\n<h3>Analytique<\/h3>\n<p>Nous pouvons faire appel \u00e0 des fournisseurs de services tiers pour surveiller et analyser l&rsquo;utilisation de notre service.<br \/>\nGoogle Analytics est un service d&rsquo;analyse Web propos\u00e9 par Google qui suit et rapporte le trafic du site Web. Google utilise les donn\u00e9es collect\u00e9es pour suivre et surveiller l&rsquo;utilisation de notre Service. Ces donn\u00e9es sont partag\u00e9es avec d&rsquo;autres services Google. Google peut utiliser les donn\u00e9es collect\u00e9es pour contextualiser et personnaliser les annonces de son propre r\u00e9seau publicitaire. Vous pouvez refuser que votre activit\u00e9 sur le Service soit disponible \u00e0 Google Analytics en installant le module compl\u00e9mentaire de navigateur de d\u00e9sinscription de Google Analytics. Le module compl\u00e9mentaire emp\u00eache le JavaScript de Google Analytics (ga.js, Analytics.js et dc.js) de partager des informations avec Google Analytics sur l&rsquo;activit\u00e9 des visites. Pour plus d&rsquo;informations sur les pratiques de confidentialit\u00e9 de Google, veuillez consulter la page Confidentialit\u00e9 et conditions d&rsquo;utilisation de Google. page Web : https:\/\/policies.google.com\/privacy?hl=fr<\/p>\n<h3>MailChimp<\/h3>\n<p>Nous utilisons les services de messagerie de MailChimp, un tiers qui facilite le trafic de courrier \u00e9lectronique sur nos sites Web et les \u00e9ventuelles newsletters. Tout e-mail de confirmation que vous recevez de notre site Web et de nos formulaires Web vous est envoy\u00e9 depuis les serveurs de MailChimp. MailChimp n&rsquo;utilisera pas votre nom et votre adresse e-mail \u00e0 ses propres fins. Au bas de chaque e-mail automatis\u00e9 envoy\u00e9 depuis notre site Web, vous trouverez un lien de \u00ab d\u00e9sabonnement \u00bb. Lorsque vous cliquez sur ce lien, vous ne recevrez plus d&rsquo;e-mails automatis\u00e9s de notre site Web. Notez que cela peut affecter consid\u00e9rablement la fonctionnalit\u00e9 de notre site Web. Vos donn\u00e9es personnelles seront stock\u00e9es, envoy\u00e9es et verrouill\u00e9es en toute s\u00e9curit\u00e9 par MailChimp. MailChimp utilise des cookies et d&rsquo;autres technologies Internet qui permettent de savoir si les e-mails sont ouverts et lus. De plus, MailChimp recueille des informations sur vous en tant que destinataire et sur les sujets de ces e-mails dans le but d&rsquo;am\u00e9liorer la qualit\u00e9 de leur service, ces donn\u00e9es sont conserv\u00e9es pendant 30 jours. MailChimp se r\u00e9serve le droit d&rsquo;utiliser vos informations personnelles pour am\u00e9liorer encore ses services et, dans ce cadre, les partager avec des tiers.<\/p>\n<h3>Processeurs De Paiement \u2013 \u200b\u200bMollie<\/h3>\n<p>Pour conclure et traiter (une partie de) nos paiements dans notre boutique en ligne, nous faisons appel \u00e0 plusieurs prestataires. Ces prestataires traitent votre nom, votre adresse et vos informations de r\u00e9sidence. Ils traitent \u00e9galement les informations de paiement telles que votre num\u00e9ro de compte bancaire ou votre num\u00e9ro de carte de cr\u00e9dit. Chaque prestataire a mis en \u0153uvre des mesures techniques et organisationnelles adapt\u00e9es pour prot\u00e9ger vos donn\u00e9es personnelles. Tous les prestataires de paiement se r\u00e9servent le droit d&rsquo;utiliser vos informations personnelles (anonymis\u00e9es) pour am\u00e9liorer encore leurs services et, dans ce contexte, de les partager avec des tiers. Nos prestataires de paiement ne conservent pas vos donn\u00e9es plus longtemps que les d\u00e9lais autoris\u00e9s par les lois en vigueur.<\/p>\n<h3>Transport Et Logistique \u2013 GLS (Ou Partie Alternative)<\/h3>\n<p>Si vous passez une commande chez nous, il est de notre responsabilit\u00e9 de vous faire livrer votre commande avec succ\u00e8s. Pour la livraison, nous utilisons les services de GLS. Pour une livraison r\u00e9ussie, il est important que nous partagions votre nom, votre adresse et vos coordonn\u00e9es r\u00e9sidentielles avec GLS. GLS utilise ces informations dans le seul but d&rsquo;ex\u00e9cuter le contrat de livraison. Dans le cas o\u00f9 GLS recrute des sous-traitants, ils partageront ces informations avec ces parties.<br \/>\nLiens Vers D&rsquo;autres Sites<br \/>\nNotre Service peut contenir des liens vers d&rsquo;autres sites qui ne sont pas exploit\u00e9s par nous. Si vous cliquez sur un lien tiers, vous serez dirig\u00e9 vers le site de ce tiers. Nous vous conseillons fortement de consulter la politique de confidentialit\u00e9 de chaque site que vous visitez.<br \/>\nNous n&rsquo;avons aucun contr\u00f4le et n&rsquo;assumons aucune responsabilit\u00e9 quant au contenu, aux politiques de confidentialit\u00e9 ou aux pratiques de tout site ou service tiers.<\/p>\n<h2>Confidentialit\u00e9 Des Enfants<\/h2>\n<p>Notre Service ne s&rsquo;adresse pas aux personnes de moins de 18 ans (\u00ab Enfants \u00bb).<br \/>\nNous ne collectons pas sciemment d&rsquo;informations personnelles identifiables aupr\u00e8s de toute personne de moins de 18 ans. Si vous \u00eates un parent ou un tuteur et que vous savez que vos enfants nous ont fourni des donn\u00e9es personnelles, veuillez nous contacter. Si nous apprenons que nous avons collect\u00e9 des donn\u00e9es personnelles aupr\u00e8s d&rsquo;enfants sans v\u00e9rification du consentement parental, nous prenons des mesures pour supprimer ces informations de nos serveurs.<\/p>\n<h2>Modifications De Cette Politique De Confidentialit\u00e9<\/h2>\n<p>Nous pouvons mettre \u00e0 jour notre politique de confidentialit\u00e9 de temps \u00e0 autre. Nous vous informerons de tout changement en publiant la nouvelle politique de confidentialit\u00e9 sur cette page.<br \/>\nNous vous en informerons par e-mail et\/ou par un avis bien visible sur notre Service, avant que le changement n&rsquo;entre en vigueur et mettrons \u00e0 jour la \u00ab date d&rsquo;entr\u00e9e en vigueur \u00bb en haut de cette Politique de confidentialit\u00e9.<br \/>\nIl vous est conseill\u00e9 de consulter p\u00e9riodiquement cette politique de confidentialit\u00e9 pour tout changement. Les modifications apport\u00e9es \u00e0 cette politique de confidentialit\u00e9 entrent en vigueur d\u00e8s leur publication sur cette page.<\/p>\n<h2>Contactez-Nous<\/h2>\n<p>Si vous avez des questions concernant cette politique de confidentialit\u00e9, veuillez nous contacter :<br \/>\nPar email : <a href=\"mailto:info@desk.be\">info@desk.be<\/a>[\/vc_column_text][\/vc_column][vc_column width=\u00a0\u00bb1\/6&Prime;][\/vc_column][\/vc_row]<\/p>\n<\/div>","protected":false},"excerpt":{"rendered":"<p>[vc_row][vc_column width=\u00a0\u00bb5\/6&Prime;][vc_custom_heading heading_semantic=\u00a0\u00bbh3&Prime; text_size=\u00a0\u00bbh3&Prime; uncode_shortcode_id=\u00a0\u00bb838232&Prime;]Date d&rsquo;entr\u00e9e en vigueur : 1er septembre 2025[\/vc_custom_heading][vc_column_text uncode_shortcode_id=\u00a0\u00bb117308&Prime;]DESK SA exploite le site Web https:\/\/www.desk.be (le [&hellip;]<\/p>\n","protected":false},"author":2,"featured_media":0,"parent":0,"menu_order":0,"comment_status":"closed","ping_status":"open","template":"","meta":{"footnotes":""},"class_list":["post-1313","page","type-page","status-publish","hentry"],"_links":{"self":[{"href":"https:\/\/desk.be\/fr\/wp-json\/wp\/v2\/pages\/1313","targetHints":{"allow":["GET"]}}],"collection":[{"href":"https:\/\/desk.be\/fr\/wp-json\/wp\/v2\/pages"}],"about":[{"href":"https:\/\/desk.be\/fr\/wp-json\/wp\/v2\/types\/page"}],"author":[{"embeddable":true,"href":"https:\/\/desk.be\/fr\/wp-json\/wp\/v2\/users\/2"}],"replies":[{"embeddable":true,"href":"https:\/\/desk.be\/fr\/wp-json\/wp\/v2\/comments?post=1313"}],"version-history":[{"count":6,"href":"https:\/\/desk.be\/fr\/wp-json\/wp\/v2\/pages\/1313\/revisions"}],"predecessor-version":[{"id":1403,"href":"https:\/\/desk.be\/fr\/wp-json\/wp\/v2\/pages\/1313\/revisions\/1403"}],"wp:attachment":[{"href":"https:\/\/desk.be\/fr\/wp-json\/wp\/v2\/media?parent=1313"}],"curies":[{"name":"wp","href":"https:\/\/api.w.org\/{rel}","templated":true}]}}