{"id":1060,"date":"2025-09-09T08:18:46","date_gmt":"2025-09-09T08:18:46","guid":{"rendered":"https:\/\/desk.be\/produits\/"},"modified":"2025-10-07T12:43:11","modified_gmt":"2025-10-07T12:43:11","slug":"produits","status":"publish","type":"page","link":"https:\/\/desk.be\/fr\/produits\/","title":{"rendered":"Produits"},"content":{"rendered":"<div class=\"wpb-content-wrapper\"><p>[vc_row][vc_column width=\u00a0\u00bb1\/1&Prime;][uncode_block id=\u00a0\u00bb997&Prime;][\/vc_column][\/vc_row][vc_row][vc_column width=\u00a0\u00bb1\/1&Prime;][uncode_block id=\u00a0\u00bb1001&Prime;][\/vc_column][\/vc_row]<\/p>\n<\/div>","protected":false},"excerpt":{"rendered":"<p>Nos produits sont con\u00e7us avec un souci de qualit\u00e9, de facilit\u00e9 d&rsquo;utilisation et de durabilit\u00e9. Nous combinons des solutions innovantes avec un design \u00e9pur\u00e9, afin qu&rsquo;ils s&rsquo;int\u00e8grent parfaitement \u00e0 votre environnement professionnel. <\/p>\n","protected":false},"author":2,"featured_media":0,"parent":0,"menu_order":0,"comment_status":"closed","ping_status":"closed","template":"","meta":{"footnotes":""},"class_list":["post-1060","page","type-page","status-publish","hentry"],"_links":{"self":[{"href":"https:\/\/desk.be\/fr\/wp-json\/wp\/v2\/pages\/1060","targetHints":{"allow":["GET"]}}],"collection":[{"href":"https:\/\/desk.be\/fr\/wp-json\/wp\/v2\/pages"}],"about":[{"href":"https:\/\/desk.be\/fr\/wp-json\/wp\/v2\/types\/page"}],"author":[{"embeddable":true,"href":"https:\/\/desk.be\/fr\/wp-json\/wp\/v2\/users\/2"}],"replies":[{"embeddable":true,"href":"https:\/\/desk.be\/fr\/wp-json\/wp\/v2\/comments?post=1060"}],"version-history":[{"count":3,"href":"https:\/\/desk.be\/fr\/wp-json\/wp\/v2\/pages\/1060\/revisions"}],"predecessor-version":[{"id":1309,"href":"https:\/\/desk.be\/fr\/wp-json\/wp\/v2\/pages\/1060\/revisions\/1309"}],"wp:attachment":[{"href":"https:\/\/desk.be\/fr\/wp-json\/wp\/v2\/media?parent=1060"}],"curies":[{"name":"wp","href":"https:\/\/api.w.org\/{rel}","templated":true}]}}