{"id":1036,"date":"2025-09-09T08:19:19","date_gmt":"2025-09-09T08:19:19","guid":{"rendered":"https:\/\/desk.be\/contact\/"},"modified":"2025-10-07T12:58:07","modified_gmt":"2025-10-07T12:58:07","slug":"contact","status":"publish","type":"page","link":"https:\/\/desk.be\/fr\/contact\/","title":{"rendered":"Contact"},"content":{"rendered":"<div class=\"wpb-content-wrapper\"><p>[vc_row][vc_column width=\u00a0\u00bb1\/2&Prime;]\n<div class=\"shadowContact\">\n\t<div class=\"afterSuccesEskidoosForm\">\n\n\t\t<span class=\"icongreat\">&#xe90a;<\/span>\n\t\t<div class=\"afterSuccesTextEskidoosForm\">\n\t\t\t<h3>Nous vous contacterons d\u00e8s que possible<\/h3>\n\t\t\tVotre message a \u00e9t\u00e9 envoy\u00e9 avec succ\u00e8s<br><br>Nous vous contacterons d\u00e8s que possible\t\t<\/div>\n\n\t\t<a id=\"backToFormContact\" href=\"#\">Ferm\u00e9<\/a>\n\n\t<\/div>\n\t<div class=\"errorMessageEskidoosForm\"><\/div>\n\t<form id=\"contactForm\" class=\"eskidoosForm\">\n\t\t<input type=\"hidden\" name=\"action\" value=\"eski_form_handling\">\n\t\t<input type=\"hidden\" name=\"eski_nonce\" value=\"64db7f6c5e\">\n\t\t<input type=\"hidden\" name=\"formType\" value=\"contactform\">\n\t\t<input type=\"hidden\" name=\"groupsId\" value=\"\">\n\t\t<!--<input type=\"hidden\" id=\"g-recaptcha-response\" name=\"g-recaptcha-response\">-->\n\n\t\t<div class=\"formGroup\">\n\t\t\t<label for=\"firstNameEskidoosForm\" class=\"sr-only\">Nom<\/label>\n\t\t\t<input id=\"firstNameEskidoosForm\" title=\"Veuillez entrer au moins 2 caract\u00e8res\" name=\"firstNameEskidoosForm\" type=\"text\" maxlength=\"255\" required placeholder=\"Nom\" \/>\n\t\t<\/div>\n\n\t\t<div class=\"fields-two\">\n\t\t\t<div class=\"formGroup\">\n\t\t\t\t<label for=\"emailEskidoosForm\" class=\"sr-only\">Adresse e-mail<\/label>\n\t\t\t\t<input id=\"emailEskidoosForm\" name=\"emailEskidoosForm\" type=\"email\" required placeholder=\"Adresse e-mail\" pattern=\"[a-zA-Z0-9._%+\\-]+@[a-zA-Z0-9.\\-]+\\.[a-zA-Z]{2,}$\" \/>\n\t\t\t<\/div>\n\t\t\t<div class=\"formGroup\">\n\t\t\t\t<label for=\"phoneEskidoosForm\" class=\"sr-only\">T\u00e9l\u00e9phone <\/label>\n\t\t\t\t<input id=\"phoneEskidoosForm\" name=\"phoneEskidoosForm\" type=\"tel\" placeholder=\"T\u00e9l\u00e9phone\" \/>\n\t\t\t<\/div>\n\t\t<\/div>\n\t\t<div class=\"formGroup\">\n\t\t\t<label for=\"messageEskidoosForm\" class=\"sr-only\">Votre message<\/label>\n\t\t\t<textarea id=\"messageEskidoosForm\" name=\"messageEskidoosForm\" title=\"Veuillez entrer votre message\" maxlength=\"1000\" placeholder=\"Votre message\"><\/textarea>\n\t\t<\/div>\n\t\t<div class=\"newsLetterBlock\">\n\t\t\t<input id=\"newsLetterEskidoosForm\" name=\"newsLetterEskidoosForm\" type=\"checkbox\" \/>\n\t\t\t<label for=\"newsLetterEskidoosForm\">subscribe to the newsletter<\/label>\n\t\t<\/div>\n\t\t<button class=\"sendBtnForm\" type=\"submit\" data-text=\"Envoyer\">Envoyer<\/button>\n\t<\/form>\n<\/div>\n\n[\/vc_column][vc_column width=\u00a0\u00bb1\/2&Prime;][vc_row_inner][vc_column_inner column_width_percent=\u00a0\u00bb100&Prime; gutter_size=\u00a0\u00bb1&Prime; overlay_alpha=\u00a0\u00bb50&Prime; shift_x=\u00a0\u00bb0&Prime; shift_y=\u00a0\u00bb0&Prime; shift_y_down=\u00a0\u00bb0&Prime; z_index=\u00a0\u00bb0&Prime; medium_width=\u00a0\u00bb0&Prime; mobile_width=\u00a0\u00bb0&Prime; width=\u00a0\u00bb1\/1&Prime; uncode_shortcode_id=\u00a0\u00bb167422&Prime;][vc_custom_heading heading_semantic=\u00a0\u00bbh3&Prime; text_size=\u00a0\u00bbh3&Prime; uncode_shortcode_id=\u00a0\u00bb158733&Prime;]Ou contactez-nous via[\/vc_custom_heading][vc_empty_space empty_h=\u00a0\u00bb1&Prime;][vc_icon position=\u00a0\u00bbleft\u00a0\u00bb icon_image=\u00a0\u00bb243&Prime; media_size=\u00a0\u00bb24&Prime; heading_semantic=\u00a0\u00bbp\u00a0\u00bb text_size=\u00a0\u00bb\u00a0\u00bb linked_title=\u00a0\u00bbyes\u00a0\u00bb uncode_shortcode_id=\u00a0\u00bb185528&Prime; title=\u00a0\u00bbinfo@desk.be\u00a0\u00bb link=\u00a0\u00bburl:mailto%3Ainfo%40desk.be|target:_blank|\u00a0\u00bb][\/vc_icon][vc_icon position=\u00a0\u00bbleft\u00a0\u00bb icon_image=\u00a0\u00bb245&Prime; media_size=\u00a0\u00bb24&Prime; heading_semantic=\u00a0\u00bbp\u00a0\u00bb text_size=\u00a0\u00bb\u00a0\u00bb linked_title=\u00a0\u00bbyes\u00a0\u00bb uncode_shortcode_id=\u00a0\u00bb277558&Prime; title=\u00a0\u00bb+32 479 447 721&Prime; link=\u00a0\u00bburl:tel%3A0032479447721|\u00a0\u00bb][\/vc_icon][vc_icon position=\u00a0\u00bbleft\u00a0\u00bb icon_image=\u00a0\u00bb244&Prime; media_size=\u00a0\u00bb24&Prime; heading_semantic=\u00a0\u00bbp\u00a0\u00bb text_size=\u00a0\u00bb\u00a0\u00bb linked_title=\u00a0\u00bbyes\u00a0\u00bb uncode_shortcode_id=\u00a0\u00bb135952&Prime; title=\u00a0\u00bbChat via WhatsApp\u00a0\u00bb link=\u00a0\u00bburl:https%3A%2F%2Fwa.me%2F0032479447721|target:_blank|\u00a0\u00bb][\/vc_icon][\/vc_column_inner][\/vc_row_inner][\/vc_column][\/vc_row]<\/p>\n<\/div>","protected":false},"excerpt":{"rendered":"<p>Avez-vous des questions ou souhaitez-vous obtenir davantage d&rsquo;informations sur nos produits et services&nbsp;? Notre \u00e9quipe est \u00e0 votre disposition pour vous aider rapidement. N&rsquo;h\u00e9sitez pas \u00e0 nous contacter par e-mail, t\u00e9l\u00e9phone ou WhatsApp.  <\/p>\n","protected":false},"author":2,"featured_media":0,"parent":0,"menu_order":0,"comment_status":"closed","ping_status":"closed","template":"","meta":{"footnotes":""},"class_list":["post-1036","page","type-page","status-publish","hentry"],"_links":{"self":[{"href":"https:\/\/desk.be\/fr\/wp-json\/wp\/v2\/pages\/1036","targetHints":{"allow":["GET"]}}],"collection":[{"href":"https:\/\/desk.be\/fr\/wp-json\/wp\/v2\/pages"}],"about":[{"href":"https:\/\/desk.be\/fr\/wp-json\/wp\/v2\/types\/page"}],"author":[{"embeddable":true,"href":"https:\/\/desk.be\/fr\/wp-json\/wp\/v2\/users\/2"}],"replies":[{"embeddable":true,"href":"https:\/\/desk.be\/fr\/wp-json\/wp\/v2\/comments?post=1036"}],"version-history":[{"count":5,"href":"https:\/\/desk.be\/fr\/wp-json\/wp\/v2\/pages\/1036\/revisions"}],"predecessor-version":[{"id":1303,"href":"https:\/\/desk.be\/fr\/wp-json\/wp\/v2\/pages\/1036\/revisions\/1303"}],"wp:attachment":[{"href":"https:\/\/desk.be\/fr\/wp-json\/wp\/v2\/media?parent=1036"}],"curies":[{"name":"wp","href":"https:\/\/api.w.org\/{rel}","templated":true}]}}